{"id":59,"date":"2022-11-15T14:03:44","date_gmt":"2022-11-15T13:03:44","guid":{"rendered":"http:\/\/graphei.cluster031.hosting.ovh.net\/?page_id=59"},"modified":"2024-10-17T22:33:09","modified_gmt":"2024-10-17T20:33:09","slug":"services","status":"publish","type":"page","link":"https:\/\/graphedit.fr\/index.php\/services\/","title":{"rendered":"Cr\u00e9ation vid\u00e9os"},"content":{"rendered":"\t\t<div data-elementor-type=\"wp-page\" data-elementor-id=\"59\" class=\"elementor elementor-59\">\n\t\t\t\t\t\t<section class=\"elementor-section elementor-top-section elementor-element elementor-element-045f892 elementor-section-boxed elementor-section-height-default elementor-section-height-default\" data-id=\"045f892\" data-element_type=\"section\">\n\t\t\t\t\t\t<div class=\"elementor-container elementor-column-gap-default\">\n\t\t\t\t\t<div class=\"elementor-column elementor-col-100 elementor-top-column elementor-element elementor-element-2a94d30\" data-id=\"2a94d30\" data-element_type=\"column\">\n\t\t\t<div class=\"elementor-widget-wrap elementor-element-populated\">\n\t\t\t\t\t\t<div class=\"elementor-element elementor-element-7cb6370 elementor-widget elementor-widget-text-editor\" data-id=\"7cb6370\" data-element_type=\"widget\" data-widget_type=\"text-editor.default\">\n\t\t\t\t<div class=\"elementor-widget-container\">\n\t\t\t\t\t\t\t<h1><span style=\"color: #176280;\"><strong>Cr\u00e9ation de produits web et vid\u00e9o<\/strong><\/span><\/h1><p>Aujourd&rsquo;hui \u00eatre pr\u00e9sent sur Internet est primordiale pour son image. Nous vous proposons trois offres pour la cr\u00e9ation de votre site vitrine (pr\u00e9senter votre soci\u00e9t\u00e9, un produit, un service, &#8230;). Aujourd\u2019hui \u00eatre pr\u00e9sent sur Internet est primordiale pour son image. Nous vous proposons trois offres pour la cr\u00e9ation de votre site vitrine (pr\u00e9senter votre soci\u00e9t\u00e9, un produit, un service, \u2026).<\/p>\t\t\t\t\t\t<\/div>\n\t\t\t\t<\/div>\n\t\t\t\t\t<\/div>\n\t\t<\/div>\n\t\t\t\t\t<\/div>\n\t\t<\/section>\n\t\t\t\t<section class=\"elementor-section elementor-top-section elementor-element elementor-element-f558726 elementor-section-boxed elementor-section-height-default elementor-section-height-default\" data-id=\"f558726\" data-element_type=\"section\">\n\t\t\t\t\t\t<div class=\"elementor-container elementor-column-gap-default\">\n\t\t\t\t\t<div class=\"elementor-column elementor-col-33 elementor-top-column elementor-element elementor-element-57a42cd\" data-id=\"57a42cd\" data-element_type=\"column\">\n\t\t\t<div class=\"elementor-widget-wrap elementor-element-populated\">\n\t\t\t\t\t\t<div class=\"elementor-element elementor-element-070d33e elementor-widget__width-initial elementor-widget elementor-widget-video\" data-id=\"070d33e\" data-element_type=\"widget\" data-settings=\"{&quot;video_type&quot;:&quot;hosted&quot;,&quot;autoplay&quot;:&quot;yes&quot;,&quot;play_on_mobile&quot;:&quot;yes&quot;,&quot;loop&quot;:&quot;yes&quot;}\" data-widget_type=\"video.default\">\n\t\t\t\t<div class=\"elementor-widget-container\">\n\t\t\t\t\t<div class=\"e-hosted-video elementor-wrapper elementor-open-inline\">\n\t\t\t\t\t<video class=\"elementor-video\" src=\"http:\/\/graphei.cluster031.hosting.ovh.net\/wp-content\/uploads\/2024\/10\/video-web1.mp4\" autoplay=\"\" loop=\"\" playsinline=\"\" controlsList=\"nodownload\"><\/video>\n\t\t\t\t<\/div>\n\t\t\t\t<\/div>\n\t\t\t\t<\/div>\n\t\t\t\t\t<\/div>\n\t\t<\/div>\n\t\t\t\t<div class=\"elementor-column elementor-col-66 elementor-top-column elementor-element elementor-element-28fa2ad\" data-id=\"28fa2ad\" data-element_type=\"column\">\n\t\t\t<div class=\"elementor-widget-wrap elementor-element-populated\">\n\t\t\t\t\t\t<div class=\"elementor-element elementor-element-672df14 elementor-widget elementor-widget-text-editor\" data-id=\"672df14\" data-element_type=\"widget\" data-widget_type=\"text-editor.default\">\n\t\t\t\t<div class=\"elementor-widget-container\">\n\t\t\t\t\t\t\t<p>Aujourd\u2019hui \u00eatre pr\u00e9sent sur Internet est primordiale pour son image.<br \/>Nous vous proposons trois offres pour la cr\u00e9ation de votre site vitrine<br \/>(pr\u00e9senter votre soci\u00e9t\u00e9, un produit, un service, \u2026). Aujourd\u2019hui \u00eatre pr\u00e9sent sur Internet est primordiale pour son image.<\/p><p>Aujourd\u2019hui \u00eatre pr\u00e9sent sur Internet est primordiale pour son image. Nous vous proposons trois offres pour la cr\u00e9ation de votre site vitrine (pr\u00e9senter votre soci\u00e9t\u00e9, un produit, un service, \u2026).Aujourd\u2019hui \u00eatre pr\u00e9sent sur Internet est primordiale pour son image.<br \/>Nous vous proposons trois offres pour la cr\u00e9ation de votre site vitrine<br \/>(pr\u00e9senter votre soci\u00e9t\u00e9, un produit, un service, \u2026).<\/p><p>\u00a0<\/p>\t\t\t\t\t\t<\/div>\n\t\t\t\t<\/div>\n\t\t\t\t\t<\/div>\n\t\t<\/div>\n\t\t\t\t\t<\/div>\n\t\t<\/section>\n\t\t\t\t<section class=\"elementor-section elementor-top-section elementor-element elementor-element-c1b45fb elementor-section-boxed elementor-section-height-default elementor-section-height-default\" data-id=\"c1b45fb\" data-element_type=\"section\">\n\t\t\t\t\t\t<div class=\"elementor-container elementor-column-gap-default\">\n\t\t\t\t\t<div class=\"elementor-column elementor-col-100 elementor-top-column elementor-element elementor-element-2432c0c\" data-id=\"2432c0c\" data-element_type=\"column\">\n\t\t\t<div class=\"elementor-widget-wrap elementor-element-populated\">\n\t\t\t\t\t\t<div class=\"elementor-element elementor-element-312d080 elementor-widget elementor-widget-text-editor\" data-id=\"312d080\" data-element_type=\"widget\" data-widget_type=\"text-editor.default\">\n\t\t\t\t<div class=\"elementor-widget-container\">\n\t\t\t\t\t\t\t<h2 style=\"text-align: center;\"><span style=\"color: #176280;\"><strong>GraphEdit un interlocuteur unique<\/strong><\/span><\/h2>\t\t\t\t\t\t<\/div>\n\t\t\t\t<\/div>\n\t\t\t\t\t<\/div>\n\t\t<\/div>\n\t\t\t\t\t<\/div>\n\t\t<\/section>\n\t\t\t\t<section class=\"elementor-section elementor-top-section elementor-element elementor-element-1e6cf67 elementor-section-boxed elementor-section-height-default elementor-section-height-default\" data-id=\"1e6cf67\" data-element_type=\"section\">\n\t\t\t\t\t\t<div class=\"elementor-container elementor-column-gap-default\">\n\t\t\t\t\t<div class=\"elementor-column elementor-col-50 elementor-top-column elementor-element elementor-element-bca217c\" data-id=\"bca217c\" data-element_type=\"column\">\n\t\t\t<div class=\"elementor-widget-wrap elementor-element-populated\">\n\t\t\t\t\t\t<div class=\"elementor-element elementor-element-6447819 elementor-widget elementor-widget-text-editor\" data-id=\"6447819\" data-element_type=\"widget\" data-widget_type=\"text-editor.default\">\n\t\t\t\t<div class=\"elementor-widget-container\">\n\t\t\t\t\t\t\t<h3 class=\"elementor-heading-title elementor-size-default elementor-inline-editing pen\" style=\"text-align: center;\" contenteditable=\"true\" data-elementor-setting-key=\"title\" data-pen-placeholder=\"\u00c9crivez ici...\"><span style=\"color: #176280;\">Produits Web\u200b<\/span><\/h3>\t\t\t\t\t\t<\/div>\n\t\t\t\t<\/div>\n\t\t\t\t<div class=\"elementor-element elementor-element-179fea1 elementor-widget elementor-widget-image\" data-id=\"179fea1\" data-element_type=\"widget\" data-widget_type=\"image.default\">\n\t\t\t\t<div class=\"elementor-widget-container\">\n\t\t\t\t\t\t\t\t\t\t\t\t\t<img fetchpriority=\"high\" decoding=\"async\" width=\"600\" height=\"400\" src=\"https:\/\/graphedit.fr\/wp-content\/uploads\/2024\/10\/graphedit-web-600x400.jpg\" class=\"attachment-trendy-news-list size-trendy-news-list wp-image-1249\" alt=\"\" srcset=\"https:\/\/graphedit.fr\/wp-content\/uploads\/2024\/10\/graphedit-web-600x400.jpg 600w, https:\/\/graphedit.fr\/wp-content\/uploads\/2024\/10\/graphedit-web-820x545.jpg 820w, https:\/\/graphedit.fr\/wp-content\/uploads\/2024\/10\/graphedit-web-300x200.jpg 300w\" sizes=\"(max-width: 600px) 100vw, 600px\" \/>\t\t\t\t\t\t\t\t\t\t\t\t\t<\/div>\n\t\t\t\t<\/div>\n\t\t\t\t<div class=\"elementor-element elementor-element-25a0c25 elementor-widget elementor-widget-text-editor\" data-id=\"25a0c25\" data-element_type=\"widget\" data-widget_type=\"text-editor.default\">\n\t\t\t\t<div class=\"elementor-widget-container\">\n\t\t\t\t\t\t\t<p>Notre offre comprend<\/p><ul><li>Newsletter : cr\u00e9ation \/ Envoi <\/li><li>Banni\u00e8re web<\/li><li>Design<\/li><li>Templates<\/li><\/ul>\t\t\t\t\t\t<\/div>\n\t\t\t\t<\/div>\n\t\t\t\t\t<\/div>\n\t\t<\/div>\n\t\t\t\t<div class=\"elementor-column elementor-col-50 elementor-top-column elementor-element elementor-element-0e01755\" data-id=\"0e01755\" data-element_type=\"column\">\n\t\t\t<div class=\"elementor-widget-wrap elementor-element-populated\">\n\t\t\t\t\t\t<div class=\"elementor-element elementor-element-fca1e79 elementor-widget elementor-widget-text-editor\" data-id=\"fca1e79\" data-element_type=\"widget\" data-widget_type=\"text-editor.default\">\n\t\t\t\t<div class=\"elementor-widget-container\">\n\t\t\t\t\t\t\t<h3 class=\"elementor-heading-title elementor-size-default elementor-inline-editing pen\" style=\"text-align: center;\" contenteditable=\"true\" data-elementor-setting-key=\"title\" data-pen-placeholder=\"\u00c9crivez ici...\"><span style=\"color: #176280;\">Produits vid\u00e9o\u200b<\/span><\/h3>\t\t\t\t\t\t<\/div>\n\t\t\t\t<\/div>\n\t\t\t\t<div class=\"elementor-element elementor-element-065c41d elementor-widget elementor-widget-image\" data-id=\"065c41d\" data-element_type=\"widget\" data-widget_type=\"image.default\">\n\t\t\t\t<div class=\"elementor-widget-container\">\n\t\t\t\t\t\t\t\t\t\t\t\t\t<img decoding=\"async\" width=\"600\" height=\"400\" src=\"https:\/\/graphedit.fr\/wp-content\/uploads\/2024\/10\/graphedit-videos-600x400.jpg\" class=\"attachment-trendy-news-list size-trendy-news-list wp-image-1247\" alt=\"\" srcset=\"https:\/\/graphedit.fr\/wp-content\/uploads\/2024\/10\/graphedit-videos-600x400.jpg 600w, https:\/\/graphedit.fr\/wp-content\/uploads\/2024\/10\/graphedit-videos-300x200.jpg 300w, https:\/\/graphedit.fr\/wp-content\/uploads\/2024\/10\/graphedit-videos-768x512.jpg 768w, https:\/\/graphedit.fr\/wp-content\/uploads\/2024\/10\/graphedit-videos-820x545.jpg 820w, https:\/\/graphedit.fr\/wp-content\/uploads\/2024\/10\/graphedit-videos.jpg 900w\" sizes=\"(max-width: 600px) 100vw, 600px\" \/>\t\t\t\t\t\t\t\t\t\t\t\t\t<\/div>\n\t\t\t\t<\/div>\n\t\t\t\t<div class=\"elementor-element elementor-element-f506958 elementor-widget elementor-widget-text-editor\" data-id=\"f506958\" data-element_type=\"widget\" data-widget_type=\"text-editor.default\">\n\t\t\t\t<div class=\"elementor-widget-container\">\n\t\t\t\t\t\t\t<p>Notre offre comprend<\/p><ul><li>1 site CMS WordPress<\/li><li>1 nom de domaine en .fr ou .com<\/li><li>1 design personnalis\u00e9<\/li><li>5 pages (Accueil &#8211; 01 &#8211; 02 &#8211; 03 &#8211; Contact)<\/li><li>R\u00e9f\u00e9rencement de base<\/li><li>Cr\u00e9ation de 5 boites mails<\/li><\/ul>\t\t\t\t\t\t<\/div>\n\t\t\t\t<\/div>\n\t\t\t\t\t<\/div>\n\t\t<\/div>\n\t\t\t\t\t<\/div>\n\t\t<\/section>\n\t\t\t\t<section class=\"elementor-section elementor-top-section elementor-element elementor-element-377ca2d elementor-section-boxed elementor-section-height-default elementor-section-height-default\" data-id=\"377ca2d\" data-element_type=\"section\">\n\t\t\t\t\t\t<div class=\"elementor-container elementor-column-gap-default\">\n\t\t\t\t\t<div class=\"elementor-column elementor-col-100 elementor-top-column elementor-element elementor-element-e712ab7\" data-id=\"e712ab7\" data-element_type=\"column\">\n\t\t\t<div class=\"elementor-widget-wrap elementor-element-populated\">\n\t\t\t\t\t\t<div class=\"elementor-element elementor-element-75d6586 elementor-widget elementor-widget-text-editor\" data-id=\"75d6586\" data-element_type=\"widget\" data-widget_type=\"text-editor.default\">\n\t\t\t\t<div class=\"elementor-widget-container\">\n\t\t\t\t\t\t\t<p>Lorem ipsum dolor sit amet, consectetur adipiscing elit. Ut elit tellus, luctus nec ullamcorper mattis, pulvinar dapibus leo.Lorem ipsum dolor sit amet, consectetur adipiscing elit. Ut elit tellus, luctus nec ullamcorper mattis, pulvinar dapibus leo. Lorem ipsum dolor sit amet, consectetur adipiscing elit. Ut elit tellus, luctus nec ullamcorper mattis, pulvinar dapibus leo.<\/p>\t\t\t\t\t\t<\/div>\n\t\t\t\t<\/div>\n\t\t\t\t<div class=\"elementor-element elementor-element-67e30b4 elementor-widget elementor-widget-image\" data-id=\"67e30b4\" data-element_type=\"widget\" data-widget_type=\"image.default\">\n\t\t\t\t<div class=\"elementor-widget-container\">\n\t\t\t\t\t\t\t\t\t\t\t\t\t<img decoding=\"async\" width=\"1130\" height=\"240\" src=\"https:\/\/graphedit.fr\/wp-content\/uploads\/2022\/11\/ban-ac-ge-commande-5.jpg\" class=\"attachment-full size-full wp-image-751\" alt=\"\" srcset=\"https:\/\/graphedit.fr\/wp-content\/uploads\/2022\/11\/ban-ac-ge-commande-5.jpg 1130w, https:\/\/graphedit.fr\/wp-content\/uploads\/2022\/11\/ban-ac-ge-commande-5-300x64.jpg 300w, https:\/\/graphedit.fr\/wp-content\/uploads\/2022\/11\/ban-ac-ge-commande-5-1024x217.jpg 1024w, https:\/\/graphedit.fr\/wp-content\/uploads\/2022\/11\/ban-ac-ge-commande-5-768x163.jpg 768w\" sizes=\"(max-width: 1130px) 100vw, 1130px\" \/>\t\t\t\t\t\t\t\t\t\t\t\t\t<\/div>\n\t\t\t\t<\/div>\n\t\t\t\t\t<\/div>\n\t\t<\/div>\n\t\t\t\t\t<\/div>\n\t\t<\/section>\n\t\t\t\t<\/div>\n\t\t","protected":false},"excerpt":{"rendered":"<p>Cr\u00e9ation de produits web et vid\u00e9o Aujourd&rsquo;hui \u00eatre pr\u00e9sent sur Internet est primordiale pour son image. Nous vous proposons trois offres pour la cr\u00e9ation de votre site vitrine (pr\u00e9senter votre soci\u00e9t\u00e9, un produit, un service, &#8230;). Aujourd\u2019hui \u00eatre pr\u00e9sent sur Internet est primordiale pour son image. Nous vous proposons trois offres pour la cr\u00e9ation de&#8230;<\/p>\n","protected":false},"author":1,"featured_media":0,"parent":0,"menu_order":0,"comment_status":"closed","ping_status":"closed","template":"elementor_header_footer","meta":{"footnotes":""},"folder":[],"class_list":["post-59","page","type-page","status-publish","hentry"],"yoast_head":"<!-- This site is optimized with the Yoast SEO plugin v23.7 - https:\/\/yoast.com\/wordpress\/plugins\/seo\/ -->\n<title>Cr\u00e9ation vid\u00e9os - GraphEdit<\/title>\n<meta name=\"robots\" content=\"index, follow, max-snippet:-1, max-image-preview:large, max-video-preview:-1\" \/>\n<link rel=\"canonical\" href=\"https:\/\/graphedit.fr\/index.php\/services\/\" \/>\n<meta property=\"og:locale\" content=\"fr_FR\" \/>\n<meta property=\"og:type\" content=\"article\" \/>\n<meta property=\"og:title\" content=\"Cr\u00e9ation vid\u00e9os - GraphEdit\" \/>\n<meta property=\"og:description\" content=\"Cr\u00e9ation de produits web et vid\u00e9o Aujourd&rsquo;hui \u00eatre pr\u00e9sent sur Internet est primordiale pour son image. Nous vous proposons trois offres pour la cr\u00e9ation de votre site vitrine (pr\u00e9senter votre soci\u00e9t\u00e9, un produit, un service, &#8230;). Aujourd\u2019hui \u00eatre pr\u00e9sent sur Internet est primordiale pour son image. Nous vous proposons trois offres pour la cr\u00e9ation de...\" \/>\n<meta property=\"og:url\" content=\"https:\/\/graphedit.fr\/index.php\/services\/\" \/>\n<meta property=\"og:site_name\" content=\"GraphEdit\" \/>\n<meta property=\"article:modified_time\" content=\"2024-10-17T20:33:09+00:00\" \/>\n<meta property=\"og:image\" content=\"http:\/\/graphei.cluster031.hosting.ovh.net\/wp-content\/uploads\/2024\/10\/graphedit-web-600x400.jpg\" \/>\n<meta name=\"twitter:card\" content=\"summary_large_image\" \/>\n<meta name=\"twitter:label1\" content=\"Dur\u00e9e de lecture estim\u00e9e\" \/>\n\t<meta name=\"twitter:data1\" content=\"2 minutes\" \/>\n<script type=\"application\/ld+json\" class=\"yoast-schema-graph\">{\"@context\":\"https:\/\/schema.org\",\"@graph\":[{\"@type\":\"WebPage\",\"@id\":\"https:\/\/graphedit.fr\/index.php\/services\/\",\"url\":\"https:\/\/graphedit.fr\/index.php\/services\/\",\"name\":\"Cr\u00e9ation vid\u00e9os - GraphEdit\",\"isPartOf\":{\"@id\":\"https:\/\/graphedit.fr\/#website\"},\"primaryImageOfPage\":{\"@id\":\"https:\/\/graphedit.fr\/index.php\/services\/#primaryimage\"},\"image\":{\"@id\":\"https:\/\/graphedit.fr\/index.php\/services\/#primaryimage\"},\"thumbnailUrl\":\"http:\/\/graphei.cluster031.hosting.ovh.net\/wp-content\/uploads\/2024\/10\/graphedit-web-600x400.jpg\",\"datePublished\":\"2022-11-15T13:03:44+00:00\",\"dateModified\":\"2024-10-17T20:33:09+00:00\",\"breadcrumb\":{\"@id\":\"https:\/\/graphedit.fr\/index.php\/services\/#breadcrumb\"},\"inLanguage\":\"fr-FR\",\"potentialAction\":[{\"@type\":\"ReadAction\",\"target\":[\"https:\/\/graphedit.fr\/index.php\/services\/\"]}]},{\"@type\":\"ImageObject\",\"inLanguage\":\"fr-FR\",\"@id\":\"https:\/\/graphedit.fr\/index.php\/services\/#primaryimage\",\"url\":\"http:\/\/graphei.cluster031.hosting.ovh.net\/wp-content\/uploads\/2024\/10\/graphedit-web-600x400.jpg\",\"contentUrl\":\"http:\/\/graphei.cluster031.hosting.ovh.net\/wp-content\/uploads\/2024\/10\/graphedit-web-600x400.jpg\"},{\"@type\":\"BreadcrumbList\",\"@id\":\"https:\/\/graphedit.fr\/index.php\/services\/#breadcrumb\",\"itemListElement\":[{\"@type\":\"ListItem\",\"position\":1,\"name\":\"Accueil\",\"item\":\"https:\/\/graphedit.fr\/\"},{\"@type\":\"ListItem\",\"position\":2,\"name\":\"Cr\u00e9ation vid\u00e9os\"}]},{\"@type\":\"WebSite\",\"@id\":\"https:\/\/graphedit.fr\/#website\",\"url\":\"https:\/\/graphedit.fr\/\",\"name\":\"GraphEdit\",\"description\":\"C&#039;est dans les d\u00e9tails qu&#039;on fait notre diff\u00e9rence\",\"publisher\":{\"@id\":\"https:\/\/graphedit.fr\/#\/schema\/person\/3f993713faae10df033d6eff8c0e19b9\"},\"potentialAction\":[{\"@type\":\"SearchAction\",\"target\":{\"@type\":\"EntryPoint\",\"urlTemplate\":\"https:\/\/graphedit.fr\/?s={search_term_string}\"},\"query-input\":{\"@type\":\"PropertyValueSpecification\",\"valueRequired\":true,\"valueName\":\"search_term_string\"}}],\"inLanguage\":\"fr-FR\"},{\"@type\":[\"Person\",\"Organization\"],\"@id\":\"https:\/\/graphedit.fr\/#\/schema\/person\/3f993713faae10df033d6eff8c0e19b9\",\"name\":\"Akaton\",\"image\":{\"@type\":\"ImageObject\",\"inLanguage\":\"fr-FR\",\"@id\":\"https:\/\/graphedit.fr\/#\/schema\/person\/image\/\",\"url\":\"https:\/\/graphedit.fr\/wp-content\/uploads\/2024\/10\/cropped-Logo-graphedit-GE-1.png\",\"contentUrl\":\"https:\/\/graphedit.fr\/wp-content\/uploads\/2024\/10\/cropped-Logo-graphedit-GE-1.png\",\"width\":2046,\"height\":613,\"caption\":\"Akaton\"},\"logo\":{\"@id\":\"https:\/\/graphedit.fr\/#\/schema\/person\/image\/\"},\"sameAs\":[\"http:\/\/graphei.cluster031.hosting.ovh.net\"]}]}<\/script>\n<!-- \/ Yoast SEO plugin. -->","yoast_head_json":{"title":"Cr\u00e9ation vid\u00e9os - GraphEdit","robots":{"index":"index","follow":"follow","max-snippet":"max-snippet:-1","max-image-preview":"max-image-preview:large","max-video-preview":"max-video-preview:-1"},"canonical":"https:\/\/graphedit.fr\/index.php\/services\/","og_locale":"fr_FR","og_type":"article","og_title":"Cr\u00e9ation vid\u00e9os - GraphEdit","og_description":"Cr\u00e9ation de produits web et vid\u00e9o Aujourd&rsquo;hui \u00eatre pr\u00e9sent sur Internet est primordiale pour son image. Nous vous proposons trois offres pour la cr\u00e9ation de votre site vitrine (pr\u00e9senter votre soci\u00e9t\u00e9, un produit, un service, &#8230;). Aujourd\u2019hui \u00eatre pr\u00e9sent sur Internet est primordiale pour son image. Nous vous proposons trois offres pour la cr\u00e9ation de...","og_url":"https:\/\/graphedit.fr\/index.php\/services\/","og_site_name":"GraphEdit","article_modified_time":"2024-10-17T20:33:09+00:00","og_image":[{"url":"http:\/\/graphei.cluster031.hosting.ovh.net\/wp-content\/uploads\/2024\/10\/graphedit-web-600x400.jpg"}],"twitter_card":"summary_large_image","twitter_misc":{"Dur\u00e9e de lecture estim\u00e9e":"2 minutes"},"schema":{"@context":"https:\/\/schema.org","@graph":[{"@type":"WebPage","@id":"https:\/\/graphedit.fr\/index.php\/services\/","url":"https:\/\/graphedit.fr\/index.php\/services\/","name":"Cr\u00e9ation vid\u00e9os - GraphEdit","isPartOf":{"@id":"https:\/\/graphedit.fr\/#website"},"primaryImageOfPage":{"@id":"https:\/\/graphedit.fr\/index.php\/services\/#primaryimage"},"image":{"@id":"https:\/\/graphedit.fr\/index.php\/services\/#primaryimage"},"thumbnailUrl":"http:\/\/graphei.cluster031.hosting.ovh.net\/wp-content\/uploads\/2024\/10\/graphedit-web-600x400.jpg","datePublished":"2022-11-15T13:03:44+00:00","dateModified":"2024-10-17T20:33:09+00:00","breadcrumb":{"@id":"https:\/\/graphedit.fr\/index.php\/services\/#breadcrumb"},"inLanguage":"fr-FR","potentialAction":[{"@type":"ReadAction","target":["https:\/\/graphedit.fr\/index.php\/services\/"]}]},{"@type":"ImageObject","inLanguage":"fr-FR","@id":"https:\/\/graphedit.fr\/index.php\/services\/#primaryimage","url":"http:\/\/graphei.cluster031.hosting.ovh.net\/wp-content\/uploads\/2024\/10\/graphedit-web-600x400.jpg","contentUrl":"http:\/\/graphei.cluster031.hosting.ovh.net\/wp-content\/uploads\/2024\/10\/graphedit-web-600x400.jpg"},{"@type":"BreadcrumbList","@id":"https:\/\/graphedit.fr\/index.php\/services\/#breadcrumb","itemListElement":[{"@type":"ListItem","position":1,"name":"Accueil","item":"https:\/\/graphedit.fr\/"},{"@type":"ListItem","position":2,"name":"Cr\u00e9ation vid\u00e9os"}]},{"@type":"WebSite","@id":"https:\/\/graphedit.fr\/#website","url":"https:\/\/graphedit.fr\/","name":"GraphEdit","description":"C&#039;est dans les d\u00e9tails qu&#039;on fait notre diff\u00e9rence","publisher":{"@id":"https:\/\/graphedit.fr\/#\/schema\/person\/3f993713faae10df033d6eff8c0e19b9"},"potentialAction":[{"@type":"SearchAction","target":{"@type":"EntryPoint","urlTemplate":"https:\/\/graphedit.fr\/?s={search_term_string}"},"query-input":{"@type":"PropertyValueSpecification","valueRequired":true,"valueName":"search_term_string"}}],"inLanguage":"fr-FR"},{"@type":["Person","Organization"],"@id":"https:\/\/graphedit.fr\/#\/schema\/person\/3f993713faae10df033d6eff8c0e19b9","name":"Akaton","image":{"@type":"ImageObject","inLanguage":"fr-FR","@id":"https:\/\/graphedit.fr\/#\/schema\/person\/image\/","url":"https:\/\/graphedit.fr\/wp-content\/uploads\/2024\/10\/cropped-Logo-graphedit-GE-1.png","contentUrl":"https:\/\/graphedit.fr\/wp-content\/uploads\/2024\/10\/cropped-Logo-graphedit-GE-1.png","width":2046,"height":613,"caption":"Akaton"},"logo":{"@id":"https:\/\/graphedit.fr\/#\/schema\/person\/image\/"},"sameAs":["http:\/\/graphei.cluster031.hosting.ovh.net"]}]}},"_links":{"self":[{"href":"https:\/\/graphedit.fr\/index.php\/wp-json\/wp\/v2\/pages\/59","targetHints":{"allow":["GET"]}}],"collection":[{"href":"https:\/\/graphedit.fr\/index.php\/wp-json\/wp\/v2\/pages"}],"about":[{"href":"https:\/\/graphedit.fr\/index.php\/wp-json\/wp\/v2\/types\/page"}],"author":[{"embeddable":true,"href":"https:\/\/graphedit.fr\/index.php\/wp-json\/wp\/v2\/users\/1"}],"replies":[{"embeddable":true,"href":"https:\/\/graphedit.fr\/index.php\/wp-json\/wp\/v2\/comments?post=59"}],"version-history":[{"count":153,"href":"https:\/\/graphedit.fr\/index.php\/wp-json\/wp\/v2\/pages\/59\/revisions"}],"predecessor-version":[{"id":1271,"href":"https:\/\/graphedit.fr\/index.php\/wp-json\/wp\/v2\/pages\/59\/revisions\/1271"}],"wp:attachment":[{"href":"https:\/\/graphedit.fr\/index.php\/wp-json\/wp\/v2\/media?parent=59"}],"wp:term":[{"taxonomy":"folder","embeddable":true,"href":"https:\/\/graphedit.fr\/index.php\/wp-json\/wp\/v2\/folder?post=59"}],"curies":[{"name":"wp","href":"https:\/\/api.w.org\/{rel}","templated":true}]}}